{"id":11201,"date":"2025-12-02T16:07:09","date_gmt":"2025-12-02T16:07:09","guid":{"rendered":"https:\/\/amircolombia.com\/?post_type=product&#038;p=11201"},"modified":"2026-02-11T19:46:37","modified_gmt":"2026-02-11T19:46:37","slug":"pediatria-hospitalaria","status":"publish","type":"product","link":"https:\/\/qa-server.amircolombia.com\/mexico\/diplomados\/pediatria-hospitalaria\/","title":{"rendered":"Diplomado Internacional en Pediatr\u00eda Hospitalaria"},"content":{"rendered":"<p>Una formaci\u00f3n pensada para tomar decisiones seguras en el cuidado del paciente pedi\u00e1trico hospitalizado.<\/p>\n","protected":false},"excerpt":{"rendered":"<p>Actualizaci\u00f3n en el manejo hospitalario del paciente pedi\u00e1trico, urgencias pedi\u00e1tricas y patolog\u00edas prevalentes en la edad infantil.<\/p>\n","protected":false},"featured_media":11202,"template":"","meta":{"_acf_changed":false,"_genesis_block_theme_hide_title":false},"product_brand":[],"product_cat":[56],"product_tag":[57],"class_list":{"0":"post-11201","1":"product","2":"type-product","3":"status-publish","4":"has-post-thumbnail","6":"product_cat-cat-diplomados","7":"product_tag-diplomados","8":"post","9":"with-featured-image","11":"first","12":"instock","13":"virtual","14":"purchasable","15":"product-type-simple"},"acf":[],"_links":{"self":[{"href":"https:\/\/qa-server.amircolombia.com\/mexico\/wp-json\/wp\/v2\/product\/11201","targetHints":{"allow":["GET"]}}],"collection":[{"href":"https:\/\/qa-server.amircolombia.com\/mexico\/wp-json\/wp\/v2\/product"}],"about":[{"href":"https:\/\/qa-server.amircolombia.com\/mexico\/wp-json\/wp\/v2\/types\/product"}],"version-history":[{"count":6,"href":"https:\/\/qa-server.amircolombia.com\/mexico\/wp-json\/wp\/v2\/product\/11201\/revisions"}],"predecessor-version":[{"id":15531,"href":"https:\/\/qa-server.amircolombia.com\/mexico\/wp-json\/wp\/v2\/product\/11201\/revisions\/15531"}],"wp:featuredmedia":[{"embeddable":true,"href":"https:\/\/qa-server.amircolombia.com\/mexico\/wp-json\/wp\/v2\/media\/11202"}],"wp:attachment":[{"href":"https:\/\/qa-server.amircolombia.com\/mexico\/wp-json\/wp\/v2\/media?parent=11201"}],"wp:term":[{"taxonomy":"product_brand","embeddable":true,"href":"https:\/\/qa-server.amircolombia.com\/mexico\/wp-json\/wp\/v2\/product_brand?post=11201"},{"taxonomy":"product_cat","embeddable":true,"href":"https:\/\/qa-server.amircolombia.com\/mexico\/wp-json\/wp\/v2\/product_cat?post=11201"},{"taxonomy":"product_tag","embeddable":true,"href":"https:\/\/qa-server.amircolombia.com\/mexico\/wp-json\/wp\/v2\/product_tag?post=11201"}],"curies":[{"name":"wp","href":"https:\/\/api.w.org\/{rel}","templated":true}]}}