{"id":11193,"date":"2025-12-02T15:58:39","date_gmt":"2025-12-02T15:58:39","guid":{"rendered":"https:\/\/amircolombia.com\/?post_type=product&#038;p=11193"},"modified":"2026-02-11T19:46:37","modified_gmt":"2026-02-11T19:46:37","slug":"medicina-intensiva","status":"publish","type":"product","link":"https:\/\/qa-server.amircolombia.com\/mexico\/diplomados\/medicina-intensiva\/","title":{"rendered":"Diplomado Internacional en Medicina Intensiva"},"content":{"rendered":"<p>Entrenamiento cl\u00ednico para el manejo integral del paciente cr\u00edtico.<\/p>\n","protected":false},"excerpt":{"rendered":"<p>Capacitaci\u00f3n en el manejo de pacientes cr\u00edticos, soporte vital avanzado, ventilaci\u00f3n mec\u00e1nica y monitorizaci\u00f3n hemodin\u00e1mica en UCI.<\/p>\n","protected":false},"featured_media":11194,"template":"","meta":{"_acf_changed":false,"_genesis_block_theme_hide_title":false},"product_brand":[],"product_cat":[56],"product_tag":[57],"class_list":{"0":"post-11193","1":"product","2":"type-product","3":"status-publish","4":"has-post-thumbnail","6":"product_cat-cat-diplomados","7":"product_tag-diplomados","8":"post","9":"with-featured-image","11":"first","12":"instock","13":"virtual","14":"purchasable","15":"product-type-simple"},"acf":[],"_links":{"self":[{"href":"https:\/\/qa-server.amircolombia.com\/mexico\/wp-json\/wp\/v2\/product\/11193","targetHints":{"allow":["GET"]}}],"collection":[{"href":"https:\/\/qa-server.amircolombia.com\/mexico\/wp-json\/wp\/v2\/product"}],"about":[{"href":"https:\/\/qa-server.amircolombia.com\/mexico\/wp-json\/wp\/v2\/types\/product"}],"version-history":[{"count":6,"href":"https:\/\/qa-server.amircolombia.com\/mexico\/wp-json\/wp\/v2\/product\/11193\/revisions"}],"predecessor-version":[{"id":15532,"href":"https:\/\/qa-server.amircolombia.com\/mexico\/wp-json\/wp\/v2\/product\/11193\/revisions\/15532"}],"wp:featuredmedia":[{"embeddable":true,"href":"https:\/\/qa-server.amircolombia.com\/mexico\/wp-json\/wp\/v2\/media\/11194"}],"wp:attachment":[{"href":"https:\/\/qa-server.amircolombia.com\/mexico\/wp-json\/wp\/v2\/media?parent=11193"}],"wp:term":[{"taxonomy":"product_brand","embeddable":true,"href":"https:\/\/qa-server.amircolombia.com\/mexico\/wp-json\/wp\/v2\/product_brand?post=11193"},{"taxonomy":"product_cat","embeddable":true,"href":"https:\/\/qa-server.amircolombia.com\/mexico\/wp-json\/wp\/v2\/product_cat?post=11193"},{"taxonomy":"product_tag","embeddable":true,"href":"https:\/\/qa-server.amircolombia.com\/mexico\/wp-json\/wp\/v2\/product_tag?post=11193"}],"curies":[{"name":"wp","href":"https:\/\/api.w.org\/{rel}","templated":true}]}}