{"id":11189,"date":"2025-12-02T15:56:59","date_gmt":"2025-12-02T15:56:59","guid":{"rendered":"https:\/\/amircolombia.com\/?post_type=product&#038;p=11189"},"modified":"2026-02-11T19:46:36","modified_gmt":"2026-02-11T19:46:36","slug":"hematologia","status":"publish","type":"product","link":"https:\/\/qa-server.amircolombia.com\/mexico\/diplomados\/hematologia\/","title":{"rendered":"Diplomado Internacional en Hematolog\u00eda"},"content":{"rendered":"<p>Una formaci\u00f3n dise\u00f1ada para interpretar, diagnosticar y manejar patolog\u00edas hematol\u00f3gicas con mayor confianza cl\u00ednica.<\/p>\n","protected":false},"excerpt":{"rendered":"<p>Profundizaci\u00f3n en trastornos de la sangre, coagulaci\u00f3n, anemias, leucemias y otras patolog\u00edas hematol\u00f3gicas con enfoque cl\u00ednico y de laboratorio.<\/p>\n","protected":false},"featured_media":11191,"template":"","meta":{"_acf_changed":false,"_genesis_block_theme_hide_title":false},"product_brand":[],"product_cat":[56],"product_tag":[57],"class_list":{"0":"post-11189","1":"product","2":"type-product","3":"status-publish","4":"has-post-thumbnail","6":"product_cat-cat-diplomados","7":"product_tag-diplomados","8":"post","9":"with-featured-image","11":"first","12":"instock","13":"virtual","14":"purchasable","15":"product-type-simple"},"acf":[],"_links":{"self":[{"href":"https:\/\/qa-server.amircolombia.com\/mexico\/wp-json\/wp\/v2\/product\/11189","targetHints":{"allow":["GET"]}}],"collection":[{"href":"https:\/\/qa-server.amircolombia.com\/mexico\/wp-json\/wp\/v2\/product"}],"about":[{"href":"https:\/\/qa-server.amircolombia.com\/mexico\/wp-json\/wp\/v2\/types\/product"}],"version-history":[{"count":5,"href":"https:\/\/qa-server.amircolombia.com\/mexico\/wp-json\/wp\/v2\/product\/11189\/revisions"}],"predecessor-version":[{"id":15533,"href":"https:\/\/qa-server.amircolombia.com\/mexico\/wp-json\/wp\/v2\/product\/11189\/revisions\/15533"}],"wp:featuredmedia":[{"embeddable":true,"href":"https:\/\/qa-server.amircolombia.com\/mexico\/wp-json\/wp\/v2\/media\/11191"}],"wp:attachment":[{"href":"https:\/\/qa-server.amircolombia.com\/mexico\/wp-json\/wp\/v2\/media?parent=11189"}],"wp:term":[{"taxonomy":"product_brand","embeddable":true,"href":"https:\/\/qa-server.amircolombia.com\/mexico\/wp-json\/wp\/v2\/product_brand?post=11189"},{"taxonomy":"product_cat","embeddable":true,"href":"https:\/\/qa-server.amircolombia.com\/mexico\/wp-json\/wp\/v2\/product_cat?post=11189"},{"taxonomy":"product_tag","embeddable":true,"href":"https:\/\/qa-server.amircolombia.com\/mexico\/wp-json\/wp\/v2\/product_tag?post=11189"}],"curies":[{"name":"wp","href":"https:\/\/api.w.org\/{rel}","templated":true}]}}