{"id":11169,"date":"2025-12-02T15:39:47","date_gmt":"2025-12-02T15:39:47","guid":{"rendered":"https:\/\/amircolombia.com\/?post_type=product&#038;p=11169"},"modified":"2026-02-11T19:46:34","modified_gmt":"2026-02-11T19:46:34","slug":"enfermedades-infecciosas","status":"publish","type":"product","link":"https:\/\/qa-server.amircolombia.com\/mexico\/diplomados\/enfermedades-infecciosas\/","title":{"rendered":"Diplomado Internacional en Enfermedades Infecciosas"},"content":{"rendered":"<p>Formaci\u00f3n cl\u00ednica para enfrentar infecciones complejas con criterio y respaldo cient\u00edfico.<\/p>\n","protected":false},"excerpt":{"rendered":"<p>Actualizaci\u00f3n en el diagn\u00f3stico, prevenci\u00f3n y tratamiento de enfermedades infecciosas, resistencia antimicrobiana y control epidemiol\u00f3gico.<\/p>\n","protected":false},"featured_media":11170,"template":"","meta":{"_acf_changed":false,"_genesis_block_theme_hide_title":false},"product_brand":[],"product_cat":[56],"product_tag":[57],"class_list":{"0":"post-11169","1":"product","2":"type-product","3":"status-publish","4":"has-post-thumbnail","6":"product_cat-cat-diplomados","7":"product_tag-diplomados","8":"post","9":"with-featured-image","11":"first","12":"instock","13":"virtual","14":"purchasable","15":"product-type-simple"},"acf":[],"_links":{"self":[{"href":"https:\/\/qa-server.amircolombia.com\/mexico\/wp-json\/wp\/v2\/product\/11169","targetHints":{"allow":["GET"]}}],"collection":[{"href":"https:\/\/qa-server.amircolombia.com\/mexico\/wp-json\/wp\/v2\/product"}],"about":[{"href":"https:\/\/qa-server.amircolombia.com\/mexico\/wp-json\/wp\/v2\/types\/product"}],"version-history":[{"count":6,"href":"https:\/\/qa-server.amircolombia.com\/mexico\/wp-json\/wp\/v2\/product\/11169\/revisions"}],"predecessor-version":[{"id":15535,"href":"https:\/\/qa-server.amircolombia.com\/mexico\/wp-json\/wp\/v2\/product\/11169\/revisions\/15535"}],"wp:featuredmedia":[{"embeddable":true,"href":"https:\/\/qa-server.amircolombia.com\/mexico\/wp-json\/wp\/v2\/media\/11170"}],"wp:attachment":[{"href":"https:\/\/qa-server.amircolombia.com\/mexico\/wp-json\/wp\/v2\/media?parent=11169"}],"wp:term":[{"taxonomy":"product_brand","embeddable":true,"href":"https:\/\/qa-server.amircolombia.com\/mexico\/wp-json\/wp\/v2\/product_brand?post=11169"},{"taxonomy":"product_cat","embeddable":true,"href":"https:\/\/qa-server.amircolombia.com\/mexico\/wp-json\/wp\/v2\/product_cat?post=11169"},{"taxonomy":"product_tag","embeddable":true,"href":"https:\/\/qa-server.amircolombia.com\/mexico\/wp-json\/wp\/v2\/product_tag?post=11169"}],"curies":[{"name":"wp","href":"https:\/\/api.w.org\/{rel}","templated":true}]}}