{"id":11145,"date":"2025-12-02T15:26:48","date_gmt":"2025-12-02T15:26:48","guid":{"rendered":"https:\/\/amircolombia.com\/?post_type=product&#038;p=11145"},"modified":"2026-02-11T19:46:33","modified_gmt":"2026-02-11T19:46:33","slug":"anestesiologia-reanimacion","status":"publish","type":"product","link":"https:\/\/qa-server.amircolombia.com\/mexico\/diplomados\/anestesiologia-reanimacion\/","title":{"rendered":"Diplomado Internacional en Anestesiolog\u00eda &#038; Reanimaci\u00f3n"},"content":{"rendered":"<p>Entrenamiento cl\u00ednico para actuar con precisi\u00f3n en escenarios quir\u00fargicos y de alta complejidad.<\/p>\n","protected":false},"excerpt":{"rendered":"<p>Formaci\u00f3n especializada en t\u00e9cnicas anest\u00e9sicas, manejo del dolor perioperatorio y reanimaci\u00f3n cardiopulmonar avanzada para procedimientos quir\u00fargicos.<\/p>\n","protected":false},"featured_media":11149,"template":"","meta":{"_acf_changed":false,"_genesis_block_theme_hide_title":false},"product_brand":[],"product_cat":[56],"product_tag":[57],"class_list":{"0":"post-11145","1":"product","2":"type-product","3":"status-publish","4":"has-post-thumbnail","6":"product_cat-cat-diplomados","7":"product_tag-diplomados","8":"post","9":"with-featured-image","11":"first","12":"instock","13":"virtual","14":"purchasable","15":"product-type-simple"},"acf":[],"_links":{"self":[{"href":"https:\/\/qa-server.amircolombia.com\/mexico\/wp-json\/wp\/v2\/product\/11145","targetHints":{"allow":["GET"]}}],"collection":[{"href":"https:\/\/qa-server.amircolombia.com\/mexico\/wp-json\/wp\/v2\/product"}],"about":[{"href":"https:\/\/qa-server.amircolombia.com\/mexico\/wp-json\/wp\/v2\/types\/product"}],"version-history":[{"count":8,"href":"https:\/\/qa-server.amircolombia.com\/mexico\/wp-json\/wp\/v2\/product\/11145\/revisions"}],"predecessor-version":[{"id":15537,"href":"https:\/\/qa-server.amircolombia.com\/mexico\/wp-json\/wp\/v2\/product\/11145\/revisions\/15537"}],"wp:featuredmedia":[{"embeddable":true,"href":"https:\/\/qa-server.amircolombia.com\/mexico\/wp-json\/wp\/v2\/media\/11149"}],"wp:attachment":[{"href":"https:\/\/qa-server.amircolombia.com\/mexico\/wp-json\/wp\/v2\/media?parent=11145"}],"wp:term":[{"taxonomy":"product_brand","embeddable":true,"href":"https:\/\/qa-server.amircolombia.com\/mexico\/wp-json\/wp\/v2\/product_brand?post=11145"},{"taxonomy":"product_cat","embeddable":true,"href":"https:\/\/qa-server.amircolombia.com\/mexico\/wp-json\/wp\/v2\/product_cat?post=11145"},{"taxonomy":"product_tag","embeddable":true,"href":"https:\/\/qa-server.amircolombia.com\/mexico\/wp-json\/wp\/v2\/product_tag?post=11145"}],"curies":[{"name":"wp","href":"https:\/\/api.w.org\/{rel}","templated":true}]}}